{"id":3,"date":"2021-02-17T18:46:12","date_gmt":"2021-02-17T18:46:12","guid":{"rendered":"https:\/\/falcontraining.net\/tr\/?page_id=3"},"modified":"2024-01-25T01:05:03","modified_gmt":"2024-01-25T01:05:03","slug":"privacy-policy","status":"publish","type":"page","link":"https:\/\/falcontraining.net\/tr\/privacy-policy\/","title":{"rendered":"PRIVACY POLICY"},"content":{"rendered":"\t\t<div data-elementor-type=\"wp-page\" data-elementor-id=\"3\" class=\"elementor elementor-3\" data-elementor-settings=\"[]\">\n\t\t\t\t\t\t\t<div class=\"elementor-section-wrap\">\n\t\t\t\t\t\t\t<section data-particle_enable=\"false\" data-particle-mobile-disabled=\"false\" class=\"elementor-section elementor-top-section elementor-element elementor-element-5950711 elementor-section-boxed elementor-section-height-default elementor-section-height-default\" data-id=\"5950711\" data-element_type=\"section\">\n\t\t\t\t\t\t<div class=\"elementor-container elementor-column-gap-default\">\n\t\t\t\t\t<div class=\"elementor-column elementor-col-100 elementor-top-column elementor-element elementor-element-6dcb27b\" data-id=\"6dcb27b\" data-element_type=\"column\">\n\t\t\t<div class=\"elementor-widget-wrap elementor-element-populated\">\n\t\t\t\t\t\t\t\t<div class=\"elementor-element elementor-element-b2884d0 elementor-widget elementor-widget-spacer\" data-id=\"b2884d0\" data-element_type=\"widget\" data-widget_type=\"spacer.default\">\n\t\t\t\t<div class=\"elementor-widget-container\">\n\t\t\t\t\t<div class=\"elementor-spacer\">\n\t\t\t<div class=\"elementor-spacer-inner\"><\/div>\n\t\t<\/div>\n\t\t\t\t<\/div>\n\t\t\t\t<\/div>\n\t\t\t\t\t<\/div>\n\t\t<\/div>\n\t\t\t\t\t\t\t<\/div>\n\t\t<\/section>\n\t\t\t\t<section data-particle_enable=\"false\" data-particle-mobile-disabled=\"false\" class=\"elementor-section elementor-top-section elementor-element elementor-element-f60a220 elementor-section-boxed elementor-section-height-default elementor-section-height-default\" data-id=\"f60a220\" data-element_type=\"section\">\n\t\t\t\t\t\t<div class=\"elementor-container elementor-column-gap-default\">\n\t\t\t\t\t<div class=\"elementor-column elementor-col-100 elementor-top-column elementor-element elementor-element-0e72c17\" data-id=\"0e72c17\" data-element_type=\"column\">\n\t\t\t<div class=\"elementor-widget-wrap elementor-element-populated\">\n\t\t\t\t\t\t\t\t<div class=\"elementor-element elementor-element-2e95c7a elementor-widget elementor-widget-heading\" data-id=\"2e95c7a\" data-element_type=\"widget\" data-widget_type=\"heading.default\">\n\t\t\t\t<div class=\"elementor-widget-container\">\n\t\t\t<p class=\"elementor-heading-title elementor-size-small\">Gizlilik Politikas\u0131<\/p>\t\t<\/div>\n\t\t\t\t<\/div>\n\t\t\t\t\t<\/div>\n\t\t<\/div>\n\t\t\t\t\t\t\t<\/div>\n\t\t<\/section>\n\t\t\t\t<section data-particle_enable=\"false\" data-particle-mobile-disabled=\"false\" class=\"elementor-section elementor-top-section elementor-element elementor-element-a1ff0de elementor-section-boxed elementor-section-height-default elementor-section-height-default\" data-id=\"a1ff0de\" data-element_type=\"section\">\n\t\t\t\t\t\t<div class=\"elementor-container elementor-column-gap-default\">\n\t\t\t\t\t<div class=\"elementor-column elementor-col-100 elementor-top-column elementor-element elementor-element-f4e9997\" data-id=\"f4e9997\" data-element_type=\"column\">\n\t\t\t<div class=\"elementor-widget-wrap elementor-element-populated\">\n\t\t\t\t\t\t\t\t<div class=\"elementor-element elementor-element-e455816 elementor-widget elementor-widget-text-editor\" data-id=\"e455816\" data-element_type=\"widget\" data-widget_type=\"text-editor.default\">\n\t\t\t\t<div class=\"elementor-widget-container\">\n\t\t\t\t\t\t\t\t<p>Falcon Integrated Services, H\u0130ZMET\u0130 sa\u011flayan Falcon Integrated Services web sitesini i\u015fletmektedir.<\/p><p>Bu sayfa, herhangi biri Falcon Entegre Hizmetler web sitesini kullanmaya karar verirse, Ki\u015fisel Bilgilerin toplanmas\u0131, kullan\u0131lmas\u0131 ve if\u015fa edilmesi ile ilgili politikalar\u0131m\u0131z hakk\u0131nda web sitesi ziyaret\u00e7ilerini bilgilendirmek i\u00e7in kullan\u0131l\u0131r.<\/p><p>Hizmetimizi kullanmay\u0131 se\u00e7erseniz, bu politikayla ilgili bilgilerin toplanmas\u0131n\u0131 ve kullan\u0131lmas\u0131n\u0131 kabul etmi\u015f olursunuz. Toplad\u0131\u011f\u0131m\u0131z Ki\u015fisel Bilgiler, Hizmeti sa\u011flamak ve geli\u015ftirmek i\u00e7in kullan\u0131l\u0131r. Bilgilerinizi bu Gizlilik Politikas\u0131nda a\u00e7\u0131klanan durumlar d\u0131\u015f\u0131nda hi\u00e7 kimseyle kullanmayaca\u011f\u0131z veya payla\u015fmayaca\u011f\u0131z.<\/p><p>Bu Gizlilik Politikas\u0131nda kullan\u0131lan terimler, bu Gizlilik Politikas\u0131nda aksi belirtilmedik\u00e7e falcontraining.net adresinden eri\u015filebilen H\u00fck\u00fcm ve Ko\u015fullar\u0131m\u0131zdaki anlamlarla ayn\u0131d\u0131r.<\/p><p>Bilgi Toplama ve Kullanma<\/p><p>Hizmetimizi kullan\u0131rken daha iyi bir deneyim i\u00e7in, ad\u0131n\u0131z, telefon numaran\u0131z ve posta adresiniz dahil ancak bunlarla s\u0131n\u0131rl\u0131 olmamak \u00fczere belirli ki\u015fisel olarak tan\u0131mlanabilir bilgileri bize sa\u011flaman\u0131z\u0131 isteyebiliriz. Toplad\u0131\u011f\u0131m\u0131z bilgiler sizinle ileti\u015fim kurmak veya sizi tan\u0131mlamak i\u00e7in kullan\u0131lacakt\u0131r.<\/p><p>G\u00fcnl\u00fck Verileri<\/p><p>Hizmetimizi her ziyaret etti\u011finizde, taray\u0131c\u0131n\u0131z\u0131n bize g\u00f6nderdi\u011fi ve G\u00fcnl\u00fck Verileri ad\u0131 verilen bilgileri toplad\u0131\u011f\u0131m\u0131z\u0131 size bildirmek istiyoruz. Bu G\u00fcnl\u00fck Verileri, bilgisayar\u0131n\u0131z\u0131n \u0130nternet Protokol\u00fc (&#8220;IP&#8221;) adresi, taray\u0131c\u0131 s\u00fcr\u00fcm\u00fc, ziyaret etti\u011finiz Hizmet sayfalar\u0131, ziyaretinizin saati ve tarihi, bu sayfalarda harcanan s\u00fcre ve di\u011fer istatistikler gibi bilgileri i\u00e7erebilir.<\/p><p>Kurabiye<\/p><p>\u00c7erezler, genellikle anonim benzersiz bir tan\u0131mlay\u0131c\u0131 olarak kullan\u0131lan az miktarda veri i\u00e7eren dosyalard\u0131r. Bunlar, ziyaret etti\u011finiz web sitesinden taray\u0131c\u0131n\u0131za g\u00f6nderilir ve bilgisayar\u0131n\u0131z\u0131n sabit s\u00fcr\u00fcc\u00fcs\u00fcnde saklan\u0131r.<\/p><p>Web sitemiz bu &#8220;\u00e7erezleri&#8221; bilgi toplamak ve Hizmetimizi geli\u015ftirmek i\u00e7in kullan\u0131r. Bu \u00e7erezleri kabul etme veya reddetme ve bilgisayar\u0131n\u0131za bir \u00e7erez g\u00f6nderildi\u011finde bunu bilme se\u00e7ene\u011finiz vard\u0131r. \u00c7erezlerimizi reddetmeyi se\u00e7erseniz, Hizmetimizin baz\u0131 k\u0131s\u0131mlar\u0131n\u0131 kullanamayabilirsiniz.<\/p><p>Servis sa\u011flay\u0131c\u0131lar\u0131<\/p><p>A\u015fa\u011f\u0131daki nedenlerle \u00fc\u00e7\u00fcnc\u00fc taraf \u015firketleri ve ki\u015fileri istihdam edebiliriz:<\/p><p>Hizmetimizi kolayla\u015ft\u0131rmak i\u00e7in;<br \/>Hizmeti bizim ad\u0131m\u0131za sa\u011flamak i\u00e7in;<br \/>Hizmetle ilgili hizmetleri ger\u00e7ekle\u015ftirmek i\u00e7in; veya<br \/>Hizmetimizin nas\u0131l kullan\u0131ld\u0131\u011f\u0131n\u0131 analiz etmemize yard\u0131mc\u0131 olmak i\u00e7in.<\/p><p>Hizmet kullan\u0131c\u0131lar\u0131m\u0131za bu \u00fc\u00e7\u00fcnc\u00fc taraflar\u0131n Ki\u015fisel Bilgilerinize eri\u015fimi oldu\u011funu bildirmek istiyoruz. Bunun nedeni, kendilerine verilen g\u00f6revleri bizim ad\u0131m\u0131za yerine getirmektir. Ancak, bilgileri ba\u015fka herhangi bir ama\u00e7la if\u015fa etmemek veya kullanmamakla y\u00fck\u00fcml\u00fcd\u00fcrler.<\/p><p>G\u00fcvenlik<\/p><p>Bize Ki\u015fisel Bilgilerinizi sa\u011flama konusundaki g\u00fcveninize de\u011fer veriyoruz, bu nedenle bunlar\u0131 korumak i\u00e7in ticari olarak kabul edilebilir y\u00f6ntemler kullanmaya \u00e7al\u0131\u015f\u0131yoruz. Ancak internet \u00fczerinden hi\u00e7bir aktar\u0131m y\u00f6nteminin veya elektronik depolama y\u00f6nteminin% 100 g\u00fcvenli ve g\u00fcvenilir olmad\u0131\u011f\u0131n\u0131 ve mutlak g\u00fcvenli\u011fini garanti edemeyece\u011fimizi unutmay\u0131n.<\/p><p>Di\u011fer Sitelere Ba\u011flant\u0131lar<\/p><p>Hizmetimiz di\u011fer sitelere ba\u011flant\u0131lar i\u00e7erebilir. \u00dc\u00e7\u00fcnc\u00fc taraf bir ba\u011flant\u0131ya t\u0131klarsan\u0131z, o siteye y\u00f6nlendirileceksiniz. Bu harici sitelerin bizim taraf\u0131m\u0131zdan i\u015fletilmedi\u011fini unutmay\u0131n. Bu nedenle, bu web sitelerinin Gizlilik Politikas\u0131n\u0131 incelemenizi \u015fiddetle tavsiye ederiz. \u00dc\u00e7\u00fcnc\u00fc taraf sitelerin veya hizmetlerin i\u00e7eri\u011fi, gizlilik politikalar\u0131 veya uygulamalar\u0131 \u00fczerinde hi\u00e7bir kontrole sahip de\u011filiz ve sorumluluk kabul etmiyoruz.<\/p><p>\u00c7ocuklar\u0131n Gizlili\u011fi<\/p><p>Hizmetlerimiz 13 ya\u015f\u0131n alt\u0131ndaki hi\u00e7 kimseye hitap etmemektedir. 13 ya\u015f\u0131n alt\u0131ndaki \u00e7ocuklardan kas\u0131tl\u0131 olarak ki\u015fisel tan\u0131mlanabilir bilgiler toplam\u0131yoruz. 13 ya\u015f\u0131n alt\u0131ndaki bir \u00e7ocu\u011fun bize ki\u015fisel bilgi verdi\u011fini fark etti\u011fimizde, bunu derhal sunucular\u0131m\u0131zdan sileriz. Bir ebeveyn veya veli iseniz ve \u00e7ocu\u011funuzun bize ki\u015fisel bilgiler verdi\u011fini biliyorsan\u0131z, l\u00fctfen gerekli i\u015flemleri yapabilmemiz i\u00e7in bizimle ileti\u015fime ge\u00e7in.<\/p><p>Bu Gizlilik Politikas\u0131ndaki De\u011fi\u015fiklikler<\/p><p>Gizlilik Politikam\u0131z\u0131 zaman zaman g\u00fcncelleyebiliriz. Bu nedenle, herhangi bir de\u011fi\u015fiklik i\u00e7in bu sayfay\u0131 periyodik olarak g\u00f6zden ge\u00e7irmenizi tavsiye ederiz. Yeni Gizlilik Politikas\u0131n\u0131 bu sayfada yay\u0131nlayarak herhangi bir de\u011fi\u015fikli\u011fi size bildirece\u011fiz. Bu de\u011fi\u015fiklikler, bu sayfada yay\u0131nland\u0131ktan hemen sonra y\u00fcr\u00fcrl\u00fc\u011fe girer.<\/p><p>Bizimle ileti\u015fime ge\u00e7in<\/p><p>Gizlilik Politikam\u0131z hakk\u0131nda herhangi bir sorunuz veya \u00f6neriniz varsa, bizimle ileti\u015fime ge\u00e7mekten \u00e7ekinmeyin.<\/p>\t\t\t\t\t\t<\/div>\n\t\t\t\t<\/div>\n\t\t\t\t\t<\/div>\n\t\t<\/div>\n\t\t\t\t\t\t\t<\/div>\n\t\t<\/section>\n\t\t\t\t\t\t<\/div>\n\t\t\t\t\t<\/div>\n\t\t","protected":false},"excerpt":{"rendered":"","protected":false},"author":1,"featured_media":0,"parent":0,"menu_order":0,"comment_status":"closed","ping_status":"closed","template":"","meta":[],"_links":{"self":[{"href":"https:\/\/falcontraining.net\/tr\/wp-json\/wp\/v2\/pages\/3"}],"collection":[{"href":"https:\/\/falcontraining.net\/tr\/wp-json\/wp\/v2\/pages"}],"about":[{"href":"https:\/\/falcontraining.net\/tr\/wp-json\/wp\/v2\/types\/page"}],"author":[{"embeddable":true,"href":"https:\/\/falcontraining.net\/tr\/wp-json\/wp\/v2\/users\/1"}],"replies":[{"embeddable":true,"href":"https:\/\/falcontraining.net\/tr\/wp-json\/wp\/v2\/comments?post=3"}],"version-history":[{"count":66,"href":"https:\/\/falcontraining.net\/tr\/wp-json\/wp\/v2\/pages\/3\/revisions"}],"predecessor-version":[{"id":730,"href":"https:\/\/falcontraining.net\/tr\/wp-json\/wp\/v2\/pages\/3\/revisions\/730"}],"wp:attachment":[{"href":"https:\/\/falcontraining.net\/tr\/wp-json\/wp\/v2\/media?parent=3"}],"curies":[{"name":"wp","href":"https:\/\/api.w.org\/{rel}","templated":true}]}}